{"id":54,"date":"2024-03-28T14:12:44","date_gmt":"2024-03-28T14:12:44","guid":{"rendered":"http:\/\/www.bilebandi.net\/?page_id=54"},"modified":"2024-03-28T14:31:53","modified_gmt":"2024-03-28T14:31:53","slug":"promovideo","status":"publish","type":"page","link":"https:\/\/www.bilebandi.net\/index.php\/promovideo\/","title":{"rendered":"Promovideo"},"content":{"rendered":"\n<p>Sit\u00e4 saa mit\u00e4 tilaa!<br>T\u00e4st\u00e4 esimakua, milt\u00e4 Never Heard n\u00e4ytt\u00e4\u00e4 ja kuulostaa liven\u00e4.<\/p>\n\n\n\n<figure class=\"wp-block-embed is-type-video is-provider-youtube wp-block-embed-youtube wp-embed-aspect-16-9 wp-has-aspect-ratio\"><div class=\"wp-block-embed__wrapper\">\n<iframe loading=\"lazy\" title=\"Bileb\u00e4ndi Never Heard PROMO\" width=\"525\" height=\"295\" src=\"https:\/\/www.youtube.com\/embed\/FqJPhlSi3aE?feature=oembed\" frameborder=\"0\" allow=\"accelerometer; autoplay; clipboard-write; encrypted-media; gyroscope; picture-in-picture; web-share\" referrerpolicy=\"strict-origin-when-cross-origin\" allowfullscreen><\/iframe>\n<\/div><\/figure>\n","protected":false},"excerpt":{"rendered":"<p>Sit\u00e4 saa mit\u00e4 tilaa!T\u00e4st\u00e4 esimakua, milt\u00e4 Never Heard n\u00e4ytt\u00e4\u00e4 ja kuulostaa liven\u00e4.<\/p>\n","protected":false},"author":1,"featured_media":45,"parent":0,"menu_order":0,"comment_status":"closed","ping_status":"closed","template":"","meta":{"footnotes":""},"class_list":["post-54","page","type-page","status-publish","has-post-thumbnail","hentry"],"yoast_head":"<!-- This site is optimized with the Yoast SEO plugin v25.6 - https:\/\/yoast.com\/wordpress\/plugins\/seo\/ -->\n<title>Promovideo - Never Heard<\/title>\n<meta name=\"robots\" content=\"index, follow, max-snippet:-1, max-image-preview:large, max-video-preview:-1\" \/>\n<link rel=\"canonical\" href=\"https:\/\/www.bilebandi.net\/index.php\/promovideo\/\" \/>\n<meta property=\"og:locale\" content=\"fi_FI\" \/>\n<meta property=\"og:type\" content=\"article\" \/>\n<meta property=\"og:title\" content=\"Promovideo - Never Heard\" \/>\n<meta property=\"og:description\" content=\"Sit\u00e4 saa mit\u00e4 tilaa!T\u00e4st\u00e4 esimakua, milt\u00e4 Never Heard n\u00e4ytt\u00e4\u00e4 ja kuulostaa liven\u00e4.\" \/>\n<meta property=\"og:url\" content=\"https:\/\/www.bilebandi.net\/index.php\/promovideo\/\" \/>\n<meta property=\"og:site_name\" content=\"Never Heard\" \/>\n<meta property=\"article:modified_time\" content=\"2024-03-28T14:31:53+00:00\" \/>\n<meta property=\"og:image\" content=\"https:\/\/www.bilebandi.net\/wp-content\/uploads\/2024\/03\/NeverheardPromovaaka-scaled.jpg\" \/>\n\t<meta property=\"og:image:width\" content=\"2560\" \/>\n\t<meta property=\"og:image:height\" content=\"1707\" \/>\n\t<meta property=\"og:image:type\" content=\"image\/jpeg\" \/>\n<meta name=\"twitter:card\" content=\"summary_large_image\" \/>\n<script type=\"application\/ld+json\" class=\"yoast-schema-graph\">{\"@context\":\"https:\/\/schema.org\",\"@graph\":[{\"@type\":\"WebPage\",\"@id\":\"https:\/\/www.bilebandi.net\/index.php\/promovideo\/\",\"url\":\"https:\/\/www.bilebandi.net\/index.php\/promovideo\/\",\"name\":\"Promovideo - Never Heard\",\"isPartOf\":{\"@id\":\"http:\/\/www.bilebandi.net\/#website\"},\"primaryImageOfPage\":{\"@id\":\"https:\/\/www.bilebandi.net\/index.php\/promovideo\/#primaryimage\"},\"image\":{\"@id\":\"https:\/\/www.bilebandi.net\/index.php\/promovideo\/#primaryimage\"},\"thumbnailUrl\":\"https:\/\/www.bilebandi.net\/wp-content\/uploads\/2024\/03\/NeverheardPromovaaka-scaled.jpg\",\"datePublished\":\"2024-03-28T14:12:44+00:00\",\"dateModified\":\"2024-03-28T14:31:53+00:00\",\"breadcrumb\":{\"@id\":\"https:\/\/www.bilebandi.net\/index.php\/promovideo\/#breadcrumb\"},\"inLanguage\":\"fi\",\"potentialAction\":[{\"@type\":\"ReadAction\",\"target\":[\"https:\/\/www.bilebandi.net\/index.php\/promovideo\/\"]}]},{\"@type\":\"ImageObject\",\"inLanguage\":\"fi\",\"@id\":\"https:\/\/www.bilebandi.net\/index.php\/promovideo\/#primaryimage\",\"url\":\"https:\/\/www.bilebandi.net\/wp-content\/uploads\/2024\/03\/NeverheardPromovaaka-scaled.jpg\",\"contentUrl\":\"https:\/\/www.bilebandi.net\/wp-content\/uploads\/2024\/03\/NeverheardPromovaaka-scaled.jpg\",\"width\":2560,\"height\":1707},{\"@type\":\"BreadcrumbList\",\"@id\":\"https:\/\/www.bilebandi.net\/index.php\/promovideo\/#breadcrumb\",\"itemListElement\":[{\"@type\":\"ListItem\",\"position\":1,\"name\":\"Etusivu\",\"item\":\"http:\/\/www.bilebandi.net\/\"},{\"@type\":\"ListItem\",\"position\":2,\"name\":\"Promovideo\"}]},{\"@type\":\"WebSite\",\"@id\":\"http:\/\/www.bilebandi.net\/#website\",\"url\":\"http:\/\/www.bilebandi.net\/\",\"name\":\"Bileb\u00e4ndi Never Heard\",\"description\":\"Bileb&auml;ndi, josta olet ehk&auml; kuullutkin!\",\"publisher\":{\"@id\":\"http:\/\/www.bilebandi.net\/#organization\"},\"potentialAction\":[{\"@type\":\"SearchAction\",\"target\":{\"@type\":\"EntryPoint\",\"urlTemplate\":\"http:\/\/www.bilebandi.net\/?s={search_term_string}\"},\"query-input\":{\"@type\":\"PropertyValueSpecification\",\"valueRequired\":true,\"valueName\":\"search_term_string\"}}],\"inLanguage\":\"fi\"},{\"@type\":\"Organization\",\"@id\":\"http:\/\/www.bilebandi.net\/#organization\",\"name\":\"Bileb\u00e4ndi Never Heard\",\"alternateName\":\"Never Heard\",\"url\":\"http:\/\/www.bilebandi.net\/\",\"logo\":{\"@type\":\"ImageObject\",\"inLanguage\":\"fi\",\"@id\":\"http:\/\/www.bilebandi.net\/#\/schema\/logo\/image\/\",\"url\":\"https:\/\/www.bilebandi.net\/wp-content\/uploads\/2024\/03\/cropped-never-heard-high-resolution-logo-white-transparent.png\",\"contentUrl\":\"https:\/\/www.bilebandi.net\/wp-content\/uploads\/2024\/03\/cropped-never-heard-high-resolution-logo-white-transparent.png\",\"width\":400,\"height\":250,\"caption\":\"Bileb\u00e4ndi Never Heard\"},\"image\":{\"@id\":\"http:\/\/www.bilebandi.net\/#\/schema\/logo\/image\/\"},\"sameAs\":[\"https:\/\/www.instagram.com\/neverheardband\/\"]}]}<\/script>\n<!-- \/ Yoast SEO plugin. -->","yoast_head_json":{"title":"Promovideo - Never Heard","robots":{"index":"index","follow":"follow","max-snippet":"max-snippet:-1","max-image-preview":"max-image-preview:large","max-video-preview":"max-video-preview:-1"},"canonical":"https:\/\/www.bilebandi.net\/index.php\/promovideo\/","og_locale":"fi_FI","og_type":"article","og_title":"Promovideo - Never Heard","og_description":"Sit\u00e4 saa mit\u00e4 tilaa!T\u00e4st\u00e4 esimakua, milt\u00e4 Never Heard n\u00e4ytt\u00e4\u00e4 ja kuulostaa liven\u00e4.","og_url":"https:\/\/www.bilebandi.net\/index.php\/promovideo\/","og_site_name":"Never Heard","article_modified_time":"2024-03-28T14:31:53+00:00","og_image":[{"width":2560,"height":1707,"url":"https:\/\/www.bilebandi.net\/wp-content\/uploads\/2024\/03\/NeverheardPromovaaka-scaled.jpg","type":"image\/jpeg"}],"twitter_card":"summary_large_image","schema":{"@context":"https:\/\/schema.org","@graph":[{"@type":"WebPage","@id":"https:\/\/www.bilebandi.net\/index.php\/promovideo\/","url":"https:\/\/www.bilebandi.net\/index.php\/promovideo\/","name":"Promovideo - Never Heard","isPartOf":{"@id":"http:\/\/www.bilebandi.net\/#website"},"primaryImageOfPage":{"@id":"https:\/\/www.bilebandi.net\/index.php\/promovideo\/#primaryimage"},"image":{"@id":"https:\/\/www.bilebandi.net\/index.php\/promovideo\/#primaryimage"},"thumbnailUrl":"https:\/\/www.bilebandi.net\/wp-content\/uploads\/2024\/03\/NeverheardPromovaaka-scaled.jpg","datePublished":"2024-03-28T14:12:44+00:00","dateModified":"2024-03-28T14:31:53+00:00","breadcrumb":{"@id":"https:\/\/www.bilebandi.net\/index.php\/promovideo\/#breadcrumb"},"inLanguage":"fi","potentialAction":[{"@type":"ReadAction","target":["https:\/\/www.bilebandi.net\/index.php\/promovideo\/"]}]},{"@type":"ImageObject","inLanguage":"fi","@id":"https:\/\/www.bilebandi.net\/index.php\/promovideo\/#primaryimage","url":"https:\/\/www.bilebandi.net\/wp-content\/uploads\/2024\/03\/NeverheardPromovaaka-scaled.jpg","contentUrl":"https:\/\/www.bilebandi.net\/wp-content\/uploads\/2024\/03\/NeverheardPromovaaka-scaled.jpg","width":2560,"height":1707},{"@type":"BreadcrumbList","@id":"https:\/\/www.bilebandi.net\/index.php\/promovideo\/#breadcrumb","itemListElement":[{"@type":"ListItem","position":1,"name":"Etusivu","item":"http:\/\/www.bilebandi.net\/"},{"@type":"ListItem","position":2,"name":"Promovideo"}]},{"@type":"WebSite","@id":"http:\/\/www.bilebandi.net\/#website","url":"http:\/\/www.bilebandi.net\/","name":"Bileb\u00e4ndi Never Heard","description":"Bileb&auml;ndi, josta olet ehk&auml; kuullutkin!","publisher":{"@id":"http:\/\/www.bilebandi.net\/#organization"},"potentialAction":[{"@type":"SearchAction","target":{"@type":"EntryPoint","urlTemplate":"http:\/\/www.bilebandi.net\/?s={search_term_string}"},"query-input":{"@type":"PropertyValueSpecification","valueRequired":true,"valueName":"search_term_string"}}],"inLanguage":"fi"},{"@type":"Organization","@id":"http:\/\/www.bilebandi.net\/#organization","name":"Bileb\u00e4ndi Never Heard","alternateName":"Never Heard","url":"http:\/\/www.bilebandi.net\/","logo":{"@type":"ImageObject","inLanguage":"fi","@id":"http:\/\/www.bilebandi.net\/#\/schema\/logo\/image\/","url":"https:\/\/www.bilebandi.net\/wp-content\/uploads\/2024\/03\/cropped-never-heard-high-resolution-logo-white-transparent.png","contentUrl":"https:\/\/www.bilebandi.net\/wp-content\/uploads\/2024\/03\/cropped-never-heard-high-resolution-logo-white-transparent.png","width":400,"height":250,"caption":"Bileb\u00e4ndi Never Heard"},"image":{"@id":"http:\/\/www.bilebandi.net\/#\/schema\/logo\/image\/"},"sameAs":["https:\/\/www.instagram.com\/neverheardband\/"]}]}},"_links":{"self":[{"href":"https:\/\/www.bilebandi.net\/index.php\/wp-json\/wp\/v2\/pages\/54"}],"collection":[{"href":"https:\/\/www.bilebandi.net\/index.php\/wp-json\/wp\/v2\/pages"}],"about":[{"href":"https:\/\/www.bilebandi.net\/index.php\/wp-json\/wp\/v2\/types\/page"}],"author":[{"embeddable":true,"href":"https:\/\/www.bilebandi.net\/index.php\/wp-json\/wp\/v2\/users\/1"}],"replies":[{"embeddable":true,"href":"https:\/\/www.bilebandi.net\/index.php\/wp-json\/wp\/v2\/comments?post=54"}],"version-history":[{"count":1,"href":"https:\/\/www.bilebandi.net\/index.php\/wp-json\/wp\/v2\/pages\/54\/revisions"}],"predecessor-version":[{"id":55,"href":"https:\/\/www.bilebandi.net\/index.php\/wp-json\/wp\/v2\/pages\/54\/revisions\/55"}],"wp:featuredmedia":[{"embeddable":true,"href":"https:\/\/www.bilebandi.net\/index.php\/wp-json\/wp\/v2\/media\/45"}],"wp:attachment":[{"href":"https:\/\/www.bilebandi.net\/index.php\/wp-json\/wp\/v2\/media?parent=54"}],"curies":[{"name":"wp","href":"https:\/\/api.w.org\/{rel}","templated":true}]}}